{"id":1707,"date":"2024-06-03T15:13:44","date_gmt":"2024-06-03T12:13:44","guid":{"rendered":"https:\/\/catchcreative.agency\/kaucuk\/?page_id=1707"},"modified":"2026-04-13T21:52:57","modified_gmt":"2026-04-13T18:52:57","slug":"sobre-nos","status":"publish","type":"page","link":"https:\/\/cinarkaucuk.com\/pt\/sobre-nos\/","title":{"rendered":"Sobre N\u00f3s"},"content":{"rendered":"\t\t<div data-elementor-type=\"wp-page\" data-elementor-id=\"1707\" class=\"elementor elementor-1707\">\n\t\t\t\t\t\t<section class=\"elementor-section elementor-top-section elementor-element elementor-element-fd111aa elementor-section-boxed elementor-section-height-default elementor-section-height-default\" data-id=\"fd111aa\" data-element_type=\"section\">\n\t\t\t\t\t\t<div class=\"elementor-container elementor-column-gap-default\">\n\t\t\t\t\t<div class=\"elementor-column elementor-col-50 elementor-top-column elementor-element elementor-element-cf6797e\" data-id=\"cf6797e\" data-element_type=\"column\">\n\t\t\t<div class=\"elementor-widget-wrap elementor-element-populated\">\n\t\t\t\t\t\t<div class=\"elementor-element elementor-element-2db45d5 elementor-widget elementor-widget-heading\" data-id=\"2db45d5\" data-element_type=\"widget\" data-widget_type=\"heading.default\">\n\t\t\t\t<div class=\"elementor-widget-container\">\n\t\t\t<h2 class=\"elementor-heading-title elementor-size-default\">Nossa Hist\u00f3ria\u2028<\/h2>\t\t<\/div>\n\t\t\t\t<\/div>\n\t\t\t\t<div class=\"elementor-element elementor-element-a635436 elementor-widget elementor-widget-text-editor\" data-id=\"a635436\" data-element_type=\"widget\" data-widget_type=\"text-editor.default\">\n\t\t\t\t<div class=\"elementor-widget-container\">\n\t\t\t\t\t\t\t<p class=\"p1\"><span class=\"s1\">A Cinar Kaucuk iniciou suas atividades em 2018 com o com\u00e9rcio de compostos de borracha. Com o compromisso de um com\u00e9rcio transparente e justo e foco no cliente, estabeleceu em 2020 uma unidade de produ\u00e7\u00e3o de borracha sint\u00e9tica reprocessada em Denizli, Turquia. Desde 2020, a Cinar Kaucuk produz milhares de toneladas de borracha sint\u00e9tica reprocessada e atende diversos setores. Com a marca Syntarex<\/span><span class=\"s2\">\u1d40\u1d39<\/span><span class=\"s1\">, a Cinar Kaucuk continua contribuindo para a economia circular e para um futuro sustent\u00e1vel na ind\u00fastria da borracha.<\/span><\/p>\t\t\t\t\t\t<\/div>\n\t\t\t\t<\/div>\n\t\t\t\t\t<\/div>\n\t\t<\/div>\n\t\t\t\t<div class=\"elementor-column elementor-col-50 elementor-top-column elementor-element elementor-element-d2f7368\" data-id=\"d2f7368\" data-element_type=\"column\">\n\t\t\t<div class=\"elementor-widget-wrap elementor-element-populated\">\n\t\t\t\t\t\t<div class=\"elementor-element elementor-element-407d0d9 elementor-widget elementor-widget-image\" data-id=\"407d0d9\" data-element_type=\"widget\" data-widget_type=\"image.default\">\n\t\t\t\t<div class=\"elementor-widget-container\">\n\t\t\t\t\t\t\t\t\t\t\t\t\t<img fetchpriority=\"high\" decoding=\"async\" width=\"1024\" height=\"683\" src=\"https:\/\/cinarkaucuk.com\/pt\/wp-content\/uploads\/2024\/06\/gorsel-3-1024x683.png\" class=\"attachment-large size-large wp-image-1814\" alt=\"\" srcset=\"https:\/\/cinarkaucuk.com\/pt\/wp-content\/uploads\/2024\/06\/gorsel-3-1024x683.png 1024w, https:\/\/cinarkaucuk.com\/pt\/wp-content\/uploads\/2024\/06\/gorsel-3-300x200.png 300w, https:\/\/cinarkaucuk.com\/pt\/wp-content\/uploads\/2024\/06\/gorsel-3-768x512.png 768w, https:\/\/cinarkaucuk.com\/pt\/wp-content\/uploads\/2024\/06\/gorsel-3-421x281.png 421w, https:\/\/cinarkaucuk.com\/pt\/wp-content\/uploads\/2024\/06\/gorsel-3-600x400.png 600w, https:\/\/cinarkaucuk.com\/pt\/wp-content\/uploads\/2024\/06\/gorsel-3.png 1200w\" sizes=\"(max-width: 1024px) 100vw, 1024px\" \/>\t\t\t\t\t\t\t\t\t\t\t\t\t<\/div>\n\t\t\t\t<\/div>\n\t\t\t\t\t<\/div>\n\t\t<\/div>\n\t\t\t\t\t<\/div>\n\t\t<\/section>\n\t\t\t\t<section class=\"elementor-section elementor-top-section elementor-element elementor-element-1b81d22 elementor-section-boxed elementor-section-height-default elementor-section-height-default\" data-id=\"1b81d22\" data-element_type=\"section\">\n\t\t\t\t\t\t<div class=\"elementor-container elementor-column-gap-default\">\n\t\t\t\t\t<div class=\"elementor-column elementor-col-50 elementor-top-column elementor-element elementor-element-6c2f3db\" data-id=\"6c2f3db\" data-element_type=\"column\">\n\t\t\t<div class=\"elementor-widget-wrap elementor-element-populated\">\n\t\t\t\t\t\t<div class=\"elementor-element elementor-element-18e7307 elementor-widget elementor-widget-heading\" data-id=\"18e7307\" data-element_type=\"widget\" data-widget_type=\"heading.default\">\n\t\t\t\t<div class=\"elementor-widget-container\">\n\t\t\t<h2 class=\"elementor-heading-title elementor-size-default\">Vis\u00e3o\u2028<\/h2>\t\t<\/div>\n\t\t\t\t<\/div>\n\t\t\t\t<div class=\"elementor-element elementor-element-08cacc9 elementor-widget elementor-widget-text-editor\" data-id=\"08cacc9\" data-element_type=\"widget\" data-widget_type=\"text-editor.default\">\n\t\t\t\t<div class=\"elementor-widget-container\">\n\t\t\t\t\t\t\t<p class=\"p1\"><span class=\"s1\">Tornar-se uma marca global no setor de mat\u00e9rias-primas para borracha e l\u00edder de mercado.<\/span><\/p>\t\t\t\t\t\t<\/div>\n\t\t\t\t<\/div>\n\t\t\t\t\t<\/div>\n\t\t<\/div>\n\t\t\t\t<div class=\"elementor-column elementor-col-50 elementor-top-column elementor-element elementor-element-e69ca22\" data-id=\"e69ca22\" data-element_type=\"column\">\n\t\t\t<div class=\"elementor-widget-wrap elementor-element-populated\">\n\t\t\t\t\t\t<div class=\"elementor-element elementor-element-9e4e85d elementor-widget elementor-widget-image\" data-id=\"9e4e85d\" data-element_type=\"widget\" data-widget_type=\"image.default\">\n\t\t\t\t<div class=\"elementor-widget-container\">\n\t\t\t\t\t\t\t\t\t\t\t\t\t<img decoding=\"async\" width=\"1024\" height=\"715\" src=\"https:\/\/cinarkaucuk.com\/pt\/wp-content\/uploads\/2024\/06\/vizyon-1024x715.webp\" class=\"attachment-large size-large wp-image-1812\" alt=\"\" srcset=\"https:\/\/cinarkaucuk.com\/pt\/wp-content\/uploads\/2024\/06\/vizyon-1024x715.webp 1024w, https:\/\/cinarkaucuk.com\/pt\/wp-content\/uploads\/2024\/06\/vizyon-300x210.webp 300w, https:\/\/cinarkaucuk.com\/pt\/wp-content\/uploads\/2024\/06\/vizyon-768x536.webp 768w, https:\/\/cinarkaucuk.com\/pt\/wp-content\/uploads\/2024\/06\/vizyon-1536x1073.webp 1536w, https:\/\/cinarkaucuk.com\/pt\/wp-content\/uploads\/2024\/06\/vizyon-2048x1430.webp 2048w, https:\/\/cinarkaucuk.com\/pt\/wp-content\/uploads\/2024\/06\/vizyon-360x250.webp 360w, https:\/\/cinarkaucuk.com\/pt\/wp-content\/uploads\/2024\/06\/vizyon-100x70.webp 100w, https:\/\/cinarkaucuk.com\/pt\/wp-content\/uploads\/2024\/06\/vizyon-600x419.webp 600w\" sizes=\"(max-width: 1024px) 100vw, 1024px\" \/>\t\t\t\t\t\t\t\t\t\t\t\t\t<\/div>\n\t\t\t\t<\/div>\n\t\t\t\t\t<\/div>\n\t\t<\/div>\n\t\t\t\t\t<\/div>\n\t\t<\/section>\n\t\t\t\t<section class=\"elementor-section elementor-top-section elementor-element elementor-element-fd2b7af elementor-section-boxed elementor-section-height-default elementor-section-height-default\" data-id=\"fd2b7af\" data-element_type=\"section\">\n\t\t\t\t\t\t<div class=\"elementor-container elementor-column-gap-default\">\n\t\t\t\t\t<div class=\"elementor-column elementor-col-50 elementor-top-column elementor-element elementor-element-3cb1db0\" data-id=\"3cb1db0\" data-element_type=\"column\">\n\t\t\t<div class=\"elementor-widget-wrap elementor-element-populated\">\n\t\t\t\t\t\t<div class=\"elementor-element elementor-element-fb675f3 elementor-widget elementor-widget-heading\" data-id=\"fb675f3\" data-element_type=\"widget\" data-widget_type=\"heading.default\">\n\t\t\t\t<div class=\"elementor-widget-container\">\n\t\t\t<h2 class=\"elementor-heading-title elementor-size-default\">Miss\u00e3o\u2028<\/h2>\t\t<\/div>\n\t\t\t\t<\/div>\n\t\t\t\t<div class=\"elementor-element elementor-element-3b7d67f elementor-widget elementor-widget-text-editor\" data-id=\"3b7d67f\" data-element_type=\"widget\" data-widget_type=\"text-editor.default\">\n\t\t\t\t<div class=\"elementor-widget-container\">\n\t\t\t\t\t\t\t<p class=\"p1\"><span class=\"s1\">Renovar-nos continuamente de acordo com as inova\u00e7\u00f5es do setor, produzindo produtos sustent\u00e1veis, econ\u00f4micos e de alta qualidade, com nosso forte know-how, responsabilidade ambiental, competitividade internacional e foco nas prefer\u00eancias e necessidades dos clientes.<\/span><\/p>\t\t\t\t\t\t<\/div>\n\t\t\t\t<\/div>\n\t\t\t\t\t<\/div>\n\t\t<\/div>\n\t\t\t\t<div class=\"elementor-column elementor-col-50 elementor-top-column elementor-element elementor-element-e395625\" data-id=\"e395625\" data-element_type=\"column\">\n\t\t\t<div class=\"elementor-widget-wrap elementor-element-populated\">\n\t\t\t\t\t\t<div class=\"elementor-element elementor-element-5ebf9c8 elementor-widget elementor-widget-image\" data-id=\"5ebf9c8\" data-element_type=\"widget\" data-widget_type=\"image.default\">\n\t\t\t\t<div class=\"elementor-widget-container\">\n\t\t\t\t\t\t\t\t\t\t\t\t\t<img decoding=\"async\" width=\"652\" height=\"480\" src=\"https:\/\/cinarkaucuk.com\/pt\/wp-content\/uploads\/2024\/06\/misyon-652x480.webp\" class=\"attachment-industing-blog-1 size-industing-blog-1 wp-image-1811\" alt=\"\" \/>\t\t\t\t\t\t\t\t\t\t\t\t\t<\/div>\n\t\t\t\t<\/div>\n\t\t\t\t\t<\/div>\n\t\t<\/div>\n\t\t\t\t\t<\/div>\n\t\t<\/section>\n\t\t\t\t<section class=\"elementor-section elementor-top-section elementor-element elementor-element-20b028b elementor-section-boxed elementor-section-height-default elementor-section-height-default\" data-id=\"20b028b\" data-element_type=\"section\">\n\t\t\t\t\t\t<div class=\"elementor-container elementor-column-gap-default\">\n\t\t\t\t\t<div class=\"elementor-column elementor-col-50 elementor-top-column elementor-element elementor-element-7c56d89\" data-id=\"7c56d89\" data-element_type=\"column\">\n\t\t\t<div class=\"elementor-widget-wrap elementor-element-populated\">\n\t\t\t\t\t\t<div class=\"elementor-element elementor-element-49aa549 elementor-widget elementor-widget-heading\" data-id=\"49aa549\" data-element_type=\"widget\" data-widget_type=\"heading.default\">\n\t\t\t\t<div class=\"elementor-widget-container\">\n\t\t\t<h2 class=\"elementor-heading-title elementor-size-default\">Valores<\/h2>\t\t<\/div>\n\t\t\t\t<\/div>\n\t\t\t\t<div class=\"elementor-element elementor-element-80d7c33 elementor-widget elementor-widget-text-editor\" data-id=\"80d7c33\" data-element_type=\"widget\" data-widget_type=\"text-editor.default\">\n\t\t\t\t<div class=\"elementor-widget-container\">\n\t\t\t\t\t\t\t<ul><li><p class=\"p1\"><span class=\"s1\">Foco no Cliente<\/span><\/p><\/li><li><p class=\"p1\"><span class=\"s1\">Qualidade<br \/><\/span><\/p><\/li><li><p class=\"p1\"><span class=\"s1\">Sustentabilidade e Consci\u00eancia Ambiental<br \/><\/span><\/p><\/li><li><p class=\"p1\"><span class=\"s1\">Inova\u00e7\u00e3o<br \/>Parceria Comercial Confi\u00e1vel<br \/><\/span><\/p><\/li><li><p class=\"p1\"><span class=\"s1\">Bem-Estar dos Colaboradores<br \/><\/span><\/p><\/li><li><p class=\"p1\"><span class=\"s1\">Participa\u00e7\u00e3o dos Colaboradores<\/span><\/p><\/li><\/ul>\t\t\t\t\t\t<\/div>\n\t\t\t\t<\/div>\n\t\t\t\t\t<\/div>\n\t\t<\/div>\n\t\t\t\t<div class=\"elementor-column elementor-col-50 elementor-top-column elementor-element elementor-element-4b231fc\" data-id=\"4b231fc\" data-element_type=\"column\">\n\t\t\t<div class=\"elementor-widget-wrap elementor-element-populated\">\n\t\t\t\t\t\t<div class=\"elementor-element elementor-element-7f50c02 elementor-widget elementor-widget-image\" data-id=\"7f50c02\" data-element_type=\"widget\" data-widget_type=\"image.default\">\n\t\t\t\t<div class=\"elementor-widget-container\">\n\t\t\t\t\t\t\t\t\t\t\t\t\t<img loading=\"lazy\" decoding=\"async\" width=\"1024\" height=\"683\" src=\"https:\/\/cinarkaucuk.com\/pt\/wp-content\/uploads\/2024\/06\/deger-1024x683.webp\" class=\"attachment-large size-large wp-image-1810\" alt=\"\" srcset=\"https:\/\/cinarkaucuk.com\/pt\/wp-content\/uploads\/2024\/06\/deger-1024x683.webp 1024w, https:\/\/cinarkaucuk.com\/pt\/wp-content\/uploads\/2024\/06\/deger-300x200.webp 300w, https:\/\/cinarkaucuk.com\/pt\/wp-content\/uploads\/2024\/06\/deger-768x512.webp 768w, https:\/\/cinarkaucuk.com\/pt\/wp-content\/uploads\/2024\/06\/deger-1536x1024.webp 1536w, https:\/\/cinarkaucuk.com\/pt\/wp-content\/uploads\/2024\/06\/deger-2048x1365.webp 2048w, https:\/\/cinarkaucuk.com\/pt\/wp-content\/uploads\/2024\/06\/deger-421x281.webp 421w, https:\/\/cinarkaucuk.com\/pt\/wp-content\/uploads\/2024\/06\/deger-600x400.webp 600w\" sizes=\"(max-width: 1024px) 100vw, 1024px\" \/>\t\t\t\t\t\t\t\t\t\t\t\t\t<\/div>\n\t\t\t\t<\/div>\n\t\t\t\t\t<\/div>\n\t\t<\/div>\n\t\t\t\t\t<\/div>\n\t\t<\/section>\n\t\t\t\t<\/div>\n\t\t","protected":false},"excerpt":{"rendered":"<p>Nossa Hist\u00f3ria\u2028 A Cinar Kaucuk iniciou suas atividades em 2018 com o com\u00e9rcio de compostos de borracha. Com o compromisso de um com\u00e9rcio transparente e justo e foco no cliente, estabeleceu em 2020 uma unidade de produ\u00e7\u00e3o de borracha sint\u00e9tica reprocessada em Denizli, Turquia. Desde 2020, a Cinar Kaucuk produz milhares de toneladas de borracha [&hellip;]<\/p>\n","protected":false},"author":1,"featured_media":0,"parent":0,"menu_order":0,"comment_status":"closed","ping_status":"closed","template":"page-templates\/full-width.php","meta":{"_eb_attr":"","footnotes":""},"yoast_head":"<!-- This site is optimized with the Yoast SEO plugin v23.2 - https:\/\/yoast.com\/wordpress\/plugins\/seo\/ -->\n<title>Sobre N\u00f3s - \u00c7\u0131nar Kau\u00e7uk<\/title>\n<meta name=\"description\" content=\"Cinar Kaucuk has been producing thousands of tons of reprocessed synthetic rubber, supplying to various sectors since 2020. Cinar Kaucuk continues to contribute to the circular economy and a sustainable future in the rubber industry with the Syntarex\u1d40\u1d39 brand.\" \/>\n<meta name=\"robots\" content=\"index, follow, max-snippet:-1, max-image-preview:large, max-video-preview:-1\" \/>\n<link rel=\"canonical\" href=\"https:\/\/cinarkaucuk.com\/pt\/sobre-nos\/\" \/>\n<meta property=\"og:locale\" content=\"tr_TR\" \/>\n<meta property=\"og:type\" content=\"article\" \/>\n<meta property=\"og:title\" content=\"Sobre N\u00f3s - \u00c7\u0131nar Kau\u00e7uk\" \/>\n<meta property=\"og:description\" content=\"Cinar Kaucuk has been producing thousands of tons of reprocessed synthetic rubber, supplying to various sectors since 2020. Cinar Kaucuk continues to contribute to the circular economy and a sustainable future in the rubber industry with the Syntarex\u1d40\u1d39 brand.\" \/>\n<meta property=\"og:url\" content=\"https:\/\/cinarkaucuk.com\/pt\/sobre-nos\/\" \/>\n<meta property=\"og:site_name\" content=\"\u00c7\u0131nar Kau\u00e7uk\" \/>\n<meta property=\"article:publisher\" content=\"https:\/\/www.facebook.com\/cinarkaucuk\/\" \/>\n<meta property=\"article:modified_time\" content=\"2026-04-13T18:52:57+00:00\" \/>\n<meta property=\"og:image\" content=\"https:\/\/cinarkaucuk.com\/pt\/wp-content\/uploads\/2024\/06\/gorsel-3-1024x683.png\" \/>\n<meta name=\"twitter:card\" content=\"summary_large_image\" \/>\n<meta name=\"twitter:site\" content=\"@CinarKaucuk\" \/>\n<meta name=\"twitter:label1\" content=\"Tahmini okuma s\u00fcresi\" \/>\n\t<meta name=\"twitter:data1\" content=\"2 dakika\" \/>\n<script type=\"application\/ld+json\" class=\"yoast-schema-graph\">{\"@context\":\"https:\/\/schema.org\",\"@graph\":[{\"@type\":\"WebPage\",\"@id\":\"https:\/\/cinarkaucuk.com\/pt\/sobre-nos\/\",\"url\":\"https:\/\/cinarkaucuk.com\/pt\/sobre-nos\/\",\"name\":\"Sobre N\u00f3s - \u00c7\u0131nar Kau\u00e7uk\",\"isPartOf\":{\"@id\":\"https:\/\/cinarkaucuk.com\/pt\/#website\"},\"primaryImageOfPage\":{\"@id\":\"https:\/\/cinarkaucuk.com\/pt\/sobre-nos\/#primaryimage\"},\"image\":{\"@id\":\"https:\/\/cinarkaucuk.com\/pt\/sobre-nos\/#primaryimage\"},\"thumbnailUrl\":\"https:\/\/cinarkaucuk.com\/pt\/wp-content\/uploads\/2024\/06\/gorsel-3-1024x683.png\",\"datePublished\":\"2024-06-03T12:13:44+00:00\",\"dateModified\":\"2026-04-13T18:52:57+00:00\",\"description\":\"Cinar Kaucuk has been producing thousands of tons of reprocessed synthetic rubber, supplying to various sectors since 2020. Cinar Kaucuk continues to contribute to the circular economy and a sustainable future in the rubber industry with the Syntarex\u1d40\u1d39 brand.\",\"breadcrumb\":{\"@id\":\"https:\/\/cinarkaucuk.com\/pt\/sobre-nos\/#breadcrumb\"},\"inLanguage\":\"tr\",\"potentialAction\":[{\"@type\":\"ReadAction\",\"target\":[\"https:\/\/cinarkaucuk.com\/pt\/sobre-nos\/\"]}]},{\"@type\":\"ImageObject\",\"inLanguage\":\"tr\",\"@id\":\"https:\/\/cinarkaucuk.com\/pt\/sobre-nos\/#primaryimage\",\"url\":\"https:\/\/cinarkaucuk.com\/pt\/wp-content\/uploads\/2024\/06\/gorsel-3.png\",\"contentUrl\":\"https:\/\/cinarkaucuk.com\/pt\/wp-content\/uploads\/2024\/06\/gorsel-3.png\",\"width\":1200,\"height\":800},{\"@type\":\"BreadcrumbList\",\"@id\":\"https:\/\/cinarkaucuk.com\/pt\/sobre-nos\/#breadcrumb\",\"itemListElement\":[{\"@type\":\"ListItem\",\"position\":1,\"name\":\"Anasayfa\",\"item\":\"https:\/\/cinarkaucuk.com\/pt\/\"},{\"@type\":\"ListItem\",\"position\":2,\"name\":\"Sobre N\u00f3s\"}]},{\"@type\":\"WebSite\",\"@id\":\"https:\/\/cinarkaucuk.com\/pt\/#website\",\"url\":\"https:\/\/cinarkaucuk.com\/pt\/\",\"name\":\"\u00c7\u0131nar Kau\u00e7uk\",\"description\":\"\",\"publisher\":{\"@id\":\"https:\/\/cinarkaucuk.com\/pt\/#organization\"},\"potentialAction\":[{\"@type\":\"SearchAction\",\"target\":{\"@type\":\"EntryPoint\",\"urlTemplate\":\"https:\/\/cinarkaucuk.com\/pt\/?s={search_term_string}\"},\"query-input\":\"required name=search_term_string\"}],\"inLanguage\":\"tr\"},{\"@type\":\"Organization\",\"@id\":\"https:\/\/cinarkaucuk.com\/pt\/#organization\",\"name\":\"\u00c7\u0131nar Kau\u00e7uk\",\"url\":\"https:\/\/cinarkaucuk.com\/pt\/\",\"logo\":{\"@type\":\"ImageObject\",\"inLanguage\":\"tr\",\"@id\":\"https:\/\/cinarkaucuk.com\/pt\/#\/schema\/logo\/image\/\",\"url\":\"https:\/\/cinarkaucuk.com\/pt\/wp-content\/uploads\/2024\/06\/gorsel-3-1024x683.png\",\"contentUrl\":\"https:\/\/cinarkaucuk.com\/pt\/wp-content\/uploads\/2024\/06\/gorsel-3-1024x683.png\",\"width\":1024,\"height\":683,\"caption\":\"\u00c7\u0131nar Kau\u00e7uk\"},\"image\":{\"@id\":\"https:\/\/cinarkaucuk.com\/pt\/#\/schema\/logo\/image\/\"},\"sameAs\":[\"https:\/\/www.facebook.com\/cinarkaucuk\/\",\"https:\/\/x.com\/CinarKaucuk\",\"https:\/\/www.instagram.com\/cinar_kaucuk_\/\",\"https:\/\/www.linkedin.com\/company\/cinarkaucuk\"]}]}<\/script>\n<!-- \/ Yoast SEO plugin. -->","yoast_head_json":{"title":"Sobre N\u00f3s - \u00c7\u0131nar Kau\u00e7uk","description":"Cinar Kaucuk has been producing thousands of tons of reprocessed synthetic rubber, supplying to various sectors since 2020. Cinar Kaucuk continues to contribute to the circular economy and a sustainable future in the rubber industry with the Syntarex\u1d40\u1d39 brand.","robots":{"index":"index","follow":"follow","max-snippet":"max-snippet:-1","max-image-preview":"max-image-preview:large","max-video-preview":"max-video-preview:-1"},"canonical":"https:\/\/cinarkaucuk.com\/pt\/sobre-nos\/","og_locale":"tr_TR","og_type":"article","og_title":"Sobre N\u00f3s - \u00c7\u0131nar Kau\u00e7uk","og_description":"Cinar Kaucuk has been producing thousands of tons of reprocessed synthetic rubber, supplying to various sectors since 2020. Cinar Kaucuk continues to contribute to the circular economy and a sustainable future in the rubber industry with the Syntarex\u1d40\u1d39 brand.","og_url":"https:\/\/cinarkaucuk.com\/pt\/sobre-nos\/","og_site_name":"\u00c7\u0131nar Kau\u00e7uk","article_publisher":"https:\/\/www.facebook.com\/cinarkaucuk\/","article_modified_time":"2026-04-13T18:52:57+00:00","og_image":[{"url":"https:\/\/cinarkaucuk.com\/pt\/wp-content\/uploads\/2024\/06\/gorsel-3-1024x683.png"}],"twitter_card":"summary_large_image","twitter_site":"@CinarKaucuk","twitter_misc":{"Tahmini okuma s\u00fcresi":"2 dakika"},"schema":{"@context":"https:\/\/schema.org","@graph":[{"@type":"WebPage","@id":"https:\/\/cinarkaucuk.com\/pt\/sobre-nos\/","url":"https:\/\/cinarkaucuk.com\/pt\/sobre-nos\/","name":"Sobre N\u00f3s - \u00c7\u0131nar Kau\u00e7uk","isPartOf":{"@id":"https:\/\/cinarkaucuk.com\/pt\/#website"},"primaryImageOfPage":{"@id":"https:\/\/cinarkaucuk.com\/pt\/sobre-nos\/#primaryimage"},"image":{"@id":"https:\/\/cinarkaucuk.com\/pt\/sobre-nos\/#primaryimage"},"thumbnailUrl":"https:\/\/cinarkaucuk.com\/pt\/wp-content\/uploads\/2024\/06\/gorsel-3-1024x683.png","datePublished":"2024-06-03T12:13:44+00:00","dateModified":"2026-04-13T18:52:57+00:00","description":"Cinar Kaucuk has been producing thousands of tons of reprocessed synthetic rubber, supplying to various sectors since 2020. Cinar Kaucuk continues to contribute to the circular economy and a sustainable future in the rubber industry with the Syntarex\u1d40\u1d39 brand.","breadcrumb":{"@id":"https:\/\/cinarkaucuk.com\/pt\/sobre-nos\/#breadcrumb"},"inLanguage":"tr","potentialAction":[{"@type":"ReadAction","target":["https:\/\/cinarkaucuk.com\/pt\/sobre-nos\/"]}]},{"@type":"ImageObject","inLanguage":"tr","@id":"https:\/\/cinarkaucuk.com\/pt\/sobre-nos\/#primaryimage","url":"https:\/\/cinarkaucuk.com\/pt\/wp-content\/uploads\/2024\/06\/gorsel-3.png","contentUrl":"https:\/\/cinarkaucuk.com\/pt\/wp-content\/uploads\/2024\/06\/gorsel-3.png","width":1200,"height":800},{"@type":"BreadcrumbList","@id":"https:\/\/cinarkaucuk.com\/pt\/sobre-nos\/#breadcrumb","itemListElement":[{"@type":"ListItem","position":1,"name":"Anasayfa","item":"https:\/\/cinarkaucuk.com\/pt\/"},{"@type":"ListItem","position":2,"name":"Sobre N\u00f3s"}]},{"@type":"WebSite","@id":"https:\/\/cinarkaucuk.com\/pt\/#website","url":"https:\/\/cinarkaucuk.com\/pt\/","name":"\u00c7\u0131nar Kau\u00e7uk","description":"","publisher":{"@id":"https:\/\/cinarkaucuk.com\/pt\/#organization"},"potentialAction":[{"@type":"SearchAction","target":{"@type":"EntryPoint","urlTemplate":"https:\/\/cinarkaucuk.com\/pt\/?s={search_term_string}"},"query-input":"required name=search_term_string"}],"inLanguage":"tr"},{"@type":"Organization","@id":"https:\/\/cinarkaucuk.com\/pt\/#organization","name":"\u00c7\u0131nar Kau\u00e7uk","url":"https:\/\/cinarkaucuk.com\/pt\/","logo":{"@type":"ImageObject","inLanguage":"tr","@id":"https:\/\/cinarkaucuk.com\/pt\/#\/schema\/logo\/image\/","url":"https:\/\/cinarkaucuk.com\/pt\/wp-content\/uploads\/2024\/06\/gorsel-3-1024x683.png","contentUrl":"https:\/\/cinarkaucuk.com\/pt\/wp-content\/uploads\/2024\/06\/gorsel-3-1024x683.png","width":1024,"height":683,"caption":"\u00c7\u0131nar Kau\u00e7uk"},"image":{"@id":"https:\/\/cinarkaucuk.com\/pt\/#\/schema\/logo\/image\/"},"sameAs":["https:\/\/www.facebook.com\/cinarkaucuk\/","https:\/\/x.com\/CinarKaucuk","https:\/\/www.instagram.com\/cinar_kaucuk_\/","https:\/\/www.linkedin.com\/company\/cinarkaucuk"]}]}},"_links":{"self":[{"href":"https:\/\/cinarkaucuk.com\/pt\/wp-json\/wp\/v2\/pages\/1707"}],"collection":[{"href":"https:\/\/cinarkaucuk.com\/pt\/wp-json\/wp\/v2\/pages"}],"about":[{"href":"https:\/\/cinarkaucuk.com\/pt\/wp-json\/wp\/v2\/types\/page"}],"author":[{"embeddable":true,"href":"https:\/\/cinarkaucuk.com\/pt\/wp-json\/wp\/v2\/users\/1"}],"replies":[{"embeddable":true,"href":"https:\/\/cinarkaucuk.com\/pt\/wp-json\/wp\/v2\/comments?post=1707"}],"version-history":[{"count":23,"href":"https:\/\/cinarkaucuk.com\/pt\/wp-json\/wp\/v2\/pages\/1707\/revisions"}],"predecessor-version":[{"id":2019,"href":"https:\/\/cinarkaucuk.com\/pt\/wp-json\/wp\/v2\/pages\/1707\/revisions\/2019"}],"wp:attachment":[{"href":"https:\/\/cinarkaucuk.com\/pt\/wp-json\/wp\/v2\/media?parent=1707"}],"curies":[{"name":"wp","href":"https:\/\/api.w.org\/{rel}","templated":true}]}}