{"id":1759,"date":"2024-06-03T15:40:03","date_gmt":"2024-06-03T12:40:03","guid":{"rendered":"https:\/\/catchcreative.agency\/kaucuk\/?page_id=1759"},"modified":"2024-08-12T13:53:26","modified_gmt":"2024-08-12T10:53:26","slug":"near-prime-off-grade-synthetic-rubber","status":"publish","type":"page","link":"https:\/\/cinarkaucuk.com\/en\/near-prime-off-grade-synthetic-rubber\/","title":{"rendered":"Near Prime &amp; Off Grade Synthetic Rubber"},"content":{"rendered":"\t\t<div data-elementor-type=\"wp-page\" data-elementor-id=\"1759\" class=\"elementor elementor-1759\">\n\t\t\t\t\t\t<section class=\"elementor-section elementor-top-section elementor-element elementor-element-2bfe303e elementor-section-boxed elementor-section-height-default elementor-section-height-default\" data-id=\"2bfe303e\" data-element_type=\"section\">\n\t\t\t\t\t\t<div class=\"elementor-container elementor-column-gap-default\">\n\t\t\t\t\t<div class=\"elementor-column elementor-col-100 elementor-top-column elementor-element elementor-element-3e1301c\" data-id=\"3e1301c\" data-element_type=\"column\">\n\t\t\t<div class=\"elementor-widget-wrap elementor-element-populated\">\n\t\t\t\t\t\t<div class=\"elementor-element elementor-element-45bd2399 elementor-widget elementor-widget-slider_revolution\" data-id=\"45bd2399\" data-element_type=\"widget\" data-widget_type=\"slider_revolution.default\">\n\t\t\t\t<div class=\"elementor-widget-container\">\n\t\t\t\n\t\t<div class=\"wp-block-themepunch-revslider\">\n\t\t\t<!-- START nearprime REVOLUTION SLIDER 6.7.9 --><p class=\"rs-p-wp-fix\"><\/p>\n\t\t\t<rs-module-wrap id=\"rev_slider_9_1_wrapper\" data-source=\"gallery\" style=\"visibility:hidden;background:transparent;padding:0;margin:0px auto;margin-top:0;margin-bottom:0;\">\n\t\t\t\t<rs-module id=\"rev_slider_9_1\" style=\"\" data-version=\"6.7.9\">\n\t\t\t\t\t<rs-slides style=\"overflow: hidden; position: absolute;\">\n\t\t\t\t\t\t<rs-slide style=\"position: absolute;\" data-key=\"rs-19\" data-title=\"Slide\" data-anim=\"ms:1000ms;\" data-in=\"o:1;\" data-out=\"a:false;\">\n\t\t\t\t\t\t\t<img fetchpriority=\"high\" decoding=\"async\" src=\"\/\/cinarkaucuk.com\/en\/wp-content\/plugins\/revslider\/sr6\/assets\/assets\/dummy.png\" alt=\"\" title=\"near prime off grade sayfas\u0131 ac\u0131l\u0131s go\u0308rseli\" width=\"2560\" height=\"1200\" class=\"rev-slidebg tp-rs-img rs-lazyload\" data-lazyload=\"\/\/cinarkaucuk.com\/en\/wp-content\/uploads\/2024\/05\/near-prime-off-grade-sayfasi-acilis-gorseli-scaled.webp\" data-no-retina>\n<!--\n\t\t\t\t\t\t\t--><rs-layer\n\t\t\t\t\t\t\t\tid=\"slider-9-slide-19-layer-0\" \n\t\t\t\t\t\t\t\tdata-type=\"image\"\n\t\t\t\t\t\t\t\tdata-rsp_ch=\"on\"\n\t\t\t\t\t\t\t\tdata-xy=\"xo:-72px,-59px,-44px,203px;yo:379px,312px,237px,306px;\"\n\t\t\t\t\t\t\t\tdata-text=\"w:normal;s:20,16,12,7;l:0,20,15,9;\"\n\t\t\t\t\t\t\t\tdata-dim=\"w:139px,114px,86px,82px;h:139px,114px,86px,82px;\"\n\t\t\t\t\t\t\t\tdata-frame_999=\"o:0;st:w;\"\n\t\t\t\t\t\t\t\tstyle=\"z-index:12;\"\n\t\t\t\t\t\t\t><img decoding=\"async\" src=\"\/\/cinarkaucuk.com\/en\/wp-content\/plugins\/revslider\/sr6\/assets\/assets\/dummy.png\" alt=\"\" class=\"tp-rs-img rs-lazyload\" width=\"480\" height=\"480\" data-lazyload=\"\/\/cinarkaucuk.com\/en\/wp-content\/uploads\/2019\/12\/giphy.webp\" data-no-retina> \n\t\t\t\t\t\t\t<\/rs-layer><!--\n\n\t\t\t\t\t\t\t--><rs-layer\n\t\t\t\t\t\t\t\tid=\"slider-9-slide-19-layer-1\" \n\t\t\t\t\t\t\t\tdata-type=\"text\"\n\t\t\t\t\t\t\t\tdata-xy=\"x:l,l,c,c;xo:49px,50px,0,0;y:m;yo:-151px,-151px,-130px,-115px;\"\n\t\t\t\t\t\t\t\tdata-text=\"w:normal;s:91,91,80,45;l:95,95,90,60;ls:-3px,-2px,-1px,0px;fw:600;a:left,left,center,center;\"\n\t\t\t\t\t\t\t\tdata-dim=\"w:757px,757px,757px,100%;\"\n\t\t\t\t\t\t\t\tdata-rsp_o=\"off\"\n\t\t\t\t\t\t\t\tdata-rsp_bd=\"off\"\n\t\t\t\t\t\t\t\tdata-frame_0=\"y:200%;sX:2;sY:2;o:1;rX:-20deg;rY:-20deg;\"\n\t\t\t\t\t\t\t\tdata-frame_1=\"e:power3.out;sp:2000;\"\n\t\t\t\t\t\t\t\tdata-frame_999=\"o:0;e:power4.inOut;st:w;sp:1000;sR:6000;\"\n\t\t\t\t\t\t\t\tstyle=\"z-index:9;font-family:'Barlow Condensed';text-transform:capitalize;\"\n\t\t\t\t\t\t\t>Near Prime & Off Grade Synthetic Rubber \n\t\t\t\t\t\t\t<\/rs-layer><!--\n-->\t\t\t\t\t<\/rs-slide>\n\t\t\t\t\t<\/rs-slides>\n\t\t\t\t<\/rs-module>\n\t\t\t\t<script>\n\t\t\t\t\tsetREVStartSize({c: 'rev_slider_9_1',rl:[1240,1024,778,480],el:[770,768,960,720],gw:[1240,1024,778,480],gh:[770,768,960,720],type:'standard',justify:'',layout:'fullwidth',mh:\"0\"});if (window.RS_MODULES!==undefined && window.RS_MODULES.modules!==undefined && window.RS_MODULES.modules[\"revslider91\"]!==undefined) {window.RS_MODULES.modules[\"revslider91\"].once = false;window.revapi9 = undefined;if (window.RS_MODULES.checkMinimal!==undefined) window.RS_MODULES.checkMinimal()}\n\t\t\t\t<\/script>\n\t\t\t<\/rs-module-wrap>\n\t\t\t<!-- END REVOLUTION SLIDER -->\n<\/div>\n\n\t\t\t\t<\/div>\n\t\t\t\t<\/div>\n\t\t\t\t\t<\/div>\n\t\t<\/div>\n\t\t\t\t\t<\/div>\n\t\t<\/section>\n\t\t\t\t<section class=\"elementor-section elementor-top-section elementor-element elementor-element-65241098 elementor-section-boxed elementor-section-height-default elementor-section-height-default\" data-id=\"65241098\" data-element_type=\"section\" data-settings=\"{&quot;background_background&quot;:&quot;gradient&quot;}\">\n\t\t\t\t\t\t<div class=\"elementor-container elementor-column-gap-default\">\n\t\t\t\t\t<div class=\"elementor-column elementor-col-50 elementor-top-column elementor-element elementor-element-1b6cb34f\" data-id=\"1b6cb34f\" data-element_type=\"column\">\n\t\t\t<div class=\"elementor-widget-wrap elementor-element-populated\">\n\t\t\t\t\t\t<div class=\"elementor-element elementor-element-5c63e60d elementor-widget elementor-widget-image\" data-id=\"5c63e60d\" data-element_type=\"widget\" data-widget_type=\"image.default\">\n\t\t\t\t<div class=\"elementor-widget-container\">\n\t\t\t\t\t\t\t\t\t\t\t\t\t<img decoding=\"async\" width=\"1024\" height=\"624\" src=\"https:\/\/cinarkaucuk.com\/en\/wp-content\/uploads\/2024\/05\/near-prime-off-grade-1024x624.webp\" class=\"attachment-large size-large wp-image-1631\" alt=\"\" srcset=\"https:\/\/cinarkaucuk.com\/en\/wp-content\/uploads\/2024\/05\/near-prime-off-grade-1024x624.webp 1024w, https:\/\/cinarkaucuk.com\/en\/wp-content\/uploads\/2024\/05\/near-prime-off-grade-300x183.webp 300w, https:\/\/cinarkaucuk.com\/en\/wp-content\/uploads\/2024\/05\/near-prime-off-grade-768x468.webp 768w, https:\/\/cinarkaucuk.com\/en\/wp-content\/uploads\/2024\/05\/near-prime-off-grade-1536x936.webp 1536w, https:\/\/cinarkaucuk.com\/en\/wp-content\/uploads\/2024\/05\/near-prime-off-grade-2048x1248.webp 2048w, https:\/\/cinarkaucuk.com\/en\/wp-content\/uploads\/2024\/05\/near-prime-off-grade-600x366.webp 600w\" sizes=\"(max-width: 1024px) 100vw, 1024px\" \/>\t\t\t\t\t\t\t\t\t\t\t\t\t<\/div>\n\t\t\t\t<\/div>\n\t\t\t\t\t<\/div>\n\t\t<\/div>\n\t\t\t\t<div class=\"elementor-column elementor-col-50 elementor-top-column elementor-element elementor-element-1dfd5304\" data-id=\"1dfd5304\" data-element_type=\"column\">\n\t\t\t<div class=\"elementor-widget-wrap elementor-element-populated\">\n\t\t\t\t\t\t<div class=\"elementor-element elementor-element-9adb664 elementor-widget elementor-widget-text-editor\" data-id=\"9adb664\" data-element_type=\"widget\" data-widget_type=\"text-editor.default\">\n\t\t\t\t<div class=\"elementor-widget-container\">\n\t\t\t\t\t\t\t<p><span class=\"s6\">We supply off grade and near prime synthetic rubber in E-SBR, S-SBR, NBR, BR, EPDM polymer types from the world&#8217;s leading synthetic rubber manufacturers.<\/span><\/p><p><span class=\"s6\"> These products provide cost advantages to our customers.<\/span> <span class=\"s6\">COA certifica<\/span><span class=\"s6\">te<\/span><span class=\"s6\"> is provided for near prime synthetic rubber.<\/span><span class=\"s6\">This COA certificate specifies the exact technical details of the material that our customers will receive.<\/span><\/p>\t\t\t\t\t\t<\/div>\n\t\t\t\t<\/div>\n\t\t\t\t\t<\/div>\n\t\t<\/div>\n\t\t\t\t\t<\/div>\n\t\t<\/section>\n\t\t\t\t<\/div>\n\t\t","protected":false},"excerpt":{"rendered":"<p>We supply off grade and near prime synthetic rubber in E-SBR, S-SBR, NBR, BR, EPDM polymer types from the world&#8217;s leading synthetic rubber manufacturers. These products provide cost advantages to our customers. COA certificate is provided for near prime synthetic rubber.This COA certificate specifies the exact technical details of the material that our customers will [&hellip;]<\/p>\n","protected":false},"author":1,"featured_media":0,"parent":0,"menu_order":0,"comment_status":"closed","ping_status":"closed","template":"page-templates\/home.php","meta":{"_eb_attr":"","footnotes":""},"yoast_head":"<!-- This site is optimized with the Yoast SEO plugin v23.2 - https:\/\/yoast.com\/wordpress\/plugins\/seo\/ -->\n<title>Near Prime &amp; Off Grade Synthetic Rubber - \u00c7\u0131nar Kau\u00e7uk<\/title>\n<meta name=\"description\" content=\"We supply off grade and near prime synthetic rubber in E-SBR, S-SBR, NBR, BR, EPDM polymer types.\" \/>\n<meta name=\"robots\" content=\"index, follow, max-snippet:-1, max-image-preview:large, max-video-preview:-1\" \/>\n<link rel=\"canonical\" href=\"https:\/\/cinarkaucuk.com\/en\/near-prime-off-grade-synthetic-rubber\/\" \/>\n<meta property=\"og:locale\" content=\"tr_TR\" \/>\n<meta property=\"og:type\" content=\"article\" \/>\n<meta property=\"og:title\" content=\"Near Prime &amp; Off Grade Synthetic Rubber - \u00c7\u0131nar Kau\u00e7uk\" \/>\n<meta property=\"og:description\" content=\"We supply off grade and near prime synthetic rubber in E-SBR, S-SBR, NBR, BR, EPDM polymer types.\" \/>\n<meta property=\"og:url\" content=\"https:\/\/cinarkaucuk.com\/en\/near-prime-off-grade-synthetic-rubber\/\" \/>\n<meta property=\"og:site_name\" content=\"\u00c7\u0131nar Kau\u00e7uk\" \/>\n<meta property=\"article:publisher\" content=\"https:\/\/www.facebook.com\/cinarkaucuk\/\" \/>\n<meta property=\"article:modified_time\" content=\"2024-08-12T10:53:26+00:00\" \/>\n<meta property=\"og:image\" content=\"https:\/\/catchcreative.agency\/kaucuk\/wp-content\/uploads\/2024\/05\/near-prime-off-grade-1024x624.webp\" \/>\n<meta name=\"twitter:card\" content=\"summary_large_image\" \/>\n<meta name=\"twitter:site\" content=\"@CinarKaucuk\" \/>\n<meta name=\"twitter:label1\" content=\"Tahmini okuma s\u00fcresi\" \/>\n\t<meta name=\"twitter:data1\" content=\"1 dakika\" \/>\n<script type=\"application\/ld+json\" class=\"yoast-schema-graph\">{\"@context\":\"https:\/\/schema.org\",\"@graph\":[{\"@type\":\"WebPage\",\"@id\":\"https:\/\/cinarkaucuk.com\/en\/near-prime-off-grade-synthetic-rubber\/\",\"url\":\"https:\/\/cinarkaucuk.com\/en\/near-prime-off-grade-synthetic-rubber\/\",\"name\":\"Near Prime &amp; Off Grade Synthetic Rubber - \u00c7\u0131nar Kau\u00e7uk\",\"isPartOf\":{\"@id\":\"https:\/\/cinarkaucuk.com\/en\/#website\"},\"primaryImageOfPage\":{\"@id\":\"https:\/\/cinarkaucuk.com\/en\/near-prime-off-grade-synthetic-rubber\/#primaryimage\"},\"image\":{\"@id\":\"https:\/\/cinarkaucuk.com\/en\/near-prime-off-grade-synthetic-rubber\/#primaryimage\"},\"thumbnailUrl\":\"https:\/\/catchcreative.agency\/kaucuk\/wp-content\/uploads\/2024\/05\/near-prime-off-grade-1024x624.webp\",\"datePublished\":\"2024-06-03T12:40:03+00:00\",\"dateModified\":\"2024-08-12T10:53:26+00:00\",\"description\":\"We supply off grade and near prime synthetic rubber in E-SBR, S-SBR, NBR, BR, EPDM polymer types.\",\"breadcrumb\":{\"@id\":\"https:\/\/cinarkaucuk.com\/en\/near-prime-off-grade-synthetic-rubber\/#breadcrumb\"},\"inLanguage\":\"tr\",\"potentialAction\":[{\"@type\":\"ReadAction\",\"target\":[\"https:\/\/cinarkaucuk.com\/en\/near-prime-off-grade-synthetic-rubber\/\"]}]},{\"@type\":\"ImageObject\",\"inLanguage\":\"tr\",\"@id\":\"https:\/\/cinarkaucuk.com\/en\/near-prime-off-grade-synthetic-rubber\/#primaryimage\",\"url\":\"https:\/\/catchcreative.agency\/kaucuk\/wp-content\/uploads\/2024\/05\/near-prime-off-grade-1024x624.webp\",\"contentUrl\":\"https:\/\/catchcreative.agency\/kaucuk\/wp-content\/uploads\/2024\/05\/near-prime-off-grade-1024x624.webp\"},{\"@type\":\"BreadcrumbList\",\"@id\":\"https:\/\/cinarkaucuk.com\/en\/near-prime-off-grade-synthetic-rubber\/#breadcrumb\",\"itemListElement\":[{\"@type\":\"ListItem\",\"position\":1,\"name\":\"Anasayfa\",\"item\":\"https:\/\/cinarkaucuk.com\/en\/\"},{\"@type\":\"ListItem\",\"position\":2,\"name\":\"Near Prime &amp; Off Grade Synthetic Rubber\"}]},{\"@type\":\"WebSite\",\"@id\":\"https:\/\/cinarkaucuk.com\/en\/#website\",\"url\":\"https:\/\/cinarkaucuk.com\/en\/\",\"name\":\"\u00c7\u0131nar Kau\u00e7uk\",\"description\":\"\",\"publisher\":{\"@id\":\"https:\/\/cinarkaucuk.com\/en\/#organization\"},\"potentialAction\":[{\"@type\":\"SearchAction\",\"target\":{\"@type\":\"EntryPoint\",\"urlTemplate\":\"https:\/\/cinarkaucuk.com\/en\/?s={search_term_string}\"},\"query-input\":\"required name=search_term_string\"}],\"inLanguage\":\"tr\"},{\"@type\":\"Organization\",\"@id\":\"https:\/\/cinarkaucuk.com\/en\/#organization\",\"name\":\"\u00c7\u0131nar Kau\u00e7uk\",\"url\":\"https:\/\/cinarkaucuk.com\/en\/\",\"logo\":{\"@type\":\"ImageObject\",\"inLanguage\":\"tr\",\"@id\":\"https:\/\/cinarkaucuk.com\/en\/#\/schema\/logo\/image\/\",\"url\":\"https:\/\/cinarkaucuk.com\/en\/wp-content\/uploads\/2024\/06\/gorsel-3-1024x683.png\",\"contentUrl\":\"https:\/\/cinarkaucuk.com\/en\/wp-content\/uploads\/2024\/06\/gorsel-3-1024x683.png\",\"width\":1024,\"height\":683,\"caption\":\"\u00c7\u0131nar Kau\u00e7uk\"},\"image\":{\"@id\":\"https:\/\/cinarkaucuk.com\/en\/#\/schema\/logo\/image\/\"},\"sameAs\":[\"https:\/\/www.facebook.com\/cinarkaucuk\/\",\"https:\/\/x.com\/CinarKaucuk\",\"https:\/\/www.instagram.com\/cinar_kaucuk_\/\",\"https:\/\/www.linkedin.com\/company\/cinarkaucuk\"]}]}<\/script>\n<!-- \/ Yoast SEO plugin. -->","yoast_head_json":{"title":"Near Prime &amp; Off Grade Synthetic Rubber - \u00c7\u0131nar Kau\u00e7uk","description":"We supply off grade and near prime synthetic rubber in E-SBR, S-SBR, NBR, BR, EPDM polymer types.","robots":{"index":"index","follow":"follow","max-snippet":"max-snippet:-1","max-image-preview":"max-image-preview:large","max-video-preview":"max-video-preview:-1"},"canonical":"https:\/\/cinarkaucuk.com\/en\/near-prime-off-grade-synthetic-rubber\/","og_locale":"tr_TR","og_type":"article","og_title":"Near Prime &amp; Off Grade Synthetic Rubber - \u00c7\u0131nar Kau\u00e7uk","og_description":"We supply off grade and near prime synthetic rubber in E-SBR, S-SBR, NBR, BR, EPDM polymer types.","og_url":"https:\/\/cinarkaucuk.com\/en\/near-prime-off-grade-synthetic-rubber\/","og_site_name":"\u00c7\u0131nar Kau\u00e7uk","article_publisher":"https:\/\/www.facebook.com\/cinarkaucuk\/","article_modified_time":"2024-08-12T10:53:26+00:00","og_image":[{"url":"https:\/\/catchcreative.agency\/kaucuk\/wp-content\/uploads\/2024\/05\/near-prime-off-grade-1024x624.webp"}],"twitter_card":"summary_large_image","twitter_site":"@CinarKaucuk","twitter_misc":{"Tahmini okuma s\u00fcresi":"1 dakika"},"schema":{"@context":"https:\/\/schema.org","@graph":[{"@type":"WebPage","@id":"https:\/\/cinarkaucuk.com\/en\/near-prime-off-grade-synthetic-rubber\/","url":"https:\/\/cinarkaucuk.com\/en\/near-prime-off-grade-synthetic-rubber\/","name":"Near Prime &amp; Off Grade Synthetic Rubber - \u00c7\u0131nar Kau\u00e7uk","isPartOf":{"@id":"https:\/\/cinarkaucuk.com\/en\/#website"},"primaryImageOfPage":{"@id":"https:\/\/cinarkaucuk.com\/en\/near-prime-off-grade-synthetic-rubber\/#primaryimage"},"image":{"@id":"https:\/\/cinarkaucuk.com\/en\/near-prime-off-grade-synthetic-rubber\/#primaryimage"},"thumbnailUrl":"https:\/\/catchcreative.agency\/kaucuk\/wp-content\/uploads\/2024\/05\/near-prime-off-grade-1024x624.webp","datePublished":"2024-06-03T12:40:03+00:00","dateModified":"2024-08-12T10:53:26+00:00","description":"We supply off grade and near prime synthetic rubber in E-SBR, S-SBR, NBR, BR, EPDM polymer types.","breadcrumb":{"@id":"https:\/\/cinarkaucuk.com\/en\/near-prime-off-grade-synthetic-rubber\/#breadcrumb"},"inLanguage":"tr","potentialAction":[{"@type":"ReadAction","target":["https:\/\/cinarkaucuk.com\/en\/near-prime-off-grade-synthetic-rubber\/"]}]},{"@type":"ImageObject","inLanguage":"tr","@id":"https:\/\/cinarkaucuk.com\/en\/near-prime-off-grade-synthetic-rubber\/#primaryimage","url":"https:\/\/catchcreative.agency\/kaucuk\/wp-content\/uploads\/2024\/05\/near-prime-off-grade-1024x624.webp","contentUrl":"https:\/\/catchcreative.agency\/kaucuk\/wp-content\/uploads\/2024\/05\/near-prime-off-grade-1024x624.webp"},{"@type":"BreadcrumbList","@id":"https:\/\/cinarkaucuk.com\/en\/near-prime-off-grade-synthetic-rubber\/#breadcrumb","itemListElement":[{"@type":"ListItem","position":1,"name":"Anasayfa","item":"https:\/\/cinarkaucuk.com\/en\/"},{"@type":"ListItem","position":2,"name":"Near Prime &amp; Off Grade Synthetic Rubber"}]},{"@type":"WebSite","@id":"https:\/\/cinarkaucuk.com\/en\/#website","url":"https:\/\/cinarkaucuk.com\/en\/","name":"\u00c7\u0131nar Kau\u00e7uk","description":"","publisher":{"@id":"https:\/\/cinarkaucuk.com\/en\/#organization"},"potentialAction":[{"@type":"SearchAction","target":{"@type":"EntryPoint","urlTemplate":"https:\/\/cinarkaucuk.com\/en\/?s={search_term_string}"},"query-input":"required name=search_term_string"}],"inLanguage":"tr"},{"@type":"Organization","@id":"https:\/\/cinarkaucuk.com\/en\/#organization","name":"\u00c7\u0131nar Kau\u00e7uk","url":"https:\/\/cinarkaucuk.com\/en\/","logo":{"@type":"ImageObject","inLanguage":"tr","@id":"https:\/\/cinarkaucuk.com\/en\/#\/schema\/logo\/image\/","url":"https:\/\/cinarkaucuk.com\/en\/wp-content\/uploads\/2024\/06\/gorsel-3-1024x683.png","contentUrl":"https:\/\/cinarkaucuk.com\/en\/wp-content\/uploads\/2024\/06\/gorsel-3-1024x683.png","width":1024,"height":683,"caption":"\u00c7\u0131nar Kau\u00e7uk"},"image":{"@id":"https:\/\/cinarkaucuk.com\/en\/#\/schema\/logo\/image\/"},"sameAs":["https:\/\/www.facebook.com\/cinarkaucuk\/","https:\/\/x.com\/CinarKaucuk","https:\/\/www.instagram.com\/cinar_kaucuk_\/","https:\/\/www.linkedin.com\/company\/cinarkaucuk"]}]}},"_links":{"self":[{"href":"https:\/\/cinarkaucuk.com\/en\/wp-json\/wp\/v2\/pages\/1759"}],"collection":[{"href":"https:\/\/cinarkaucuk.com\/en\/wp-json\/wp\/v2\/pages"}],"about":[{"href":"https:\/\/cinarkaucuk.com\/en\/wp-json\/wp\/v2\/types\/page"}],"author":[{"embeddable":true,"href":"https:\/\/cinarkaucuk.com\/en\/wp-json\/wp\/v2\/users\/1"}],"replies":[{"embeddable":true,"href":"https:\/\/cinarkaucuk.com\/en\/wp-json\/wp\/v2\/comments?post=1759"}],"version-history":[{"count":4,"href":"https:\/\/cinarkaucuk.com\/en\/wp-json\/wp\/v2\/pages\/1759\/revisions"}],"predecessor-version":[{"id":1763,"href":"https:\/\/cinarkaucuk.com\/en\/wp-json\/wp\/v2\/pages\/1759\/revisions\/1763"}],"wp:attachment":[{"href":"https:\/\/cinarkaucuk.com\/en\/wp-json\/wp\/v2\/media?parent=1759"}],"curies":[{"name":"wp","href":"https:\/\/api.w.org\/{rel}","templated":true}]}}